{"id":5346,"date":"2024-03-01T11:30:20","date_gmt":"2024-03-01T10:30:20","guid":{"rendered":"https:\/\/donnart.de\/?post_type=product&#038;p=5346"},"modified":"2024-03-11T21:09:27","modified_gmt":"2024-03-11T20:09:27","slug":"h-wilkens","status":"publish","type":"product","link":"https:\/\/donnart.de\/en\/product\/h-wilkens\/","title":{"rendered":"H. Wilkens"},"content":{"rendered":"<p><strong>H. Wilkens &#8211; Hans Wilkens &#8211;\u00a0<\/strong><\/p>\n<p><strong>13. Juni\u00a01894<\/strong>\u00a0in\u00a0Lauenbruch;<strong> \u2020\u00a028. Oktober\u00a01947\u00a0<\/strong>in\u00a0Hamburg-Harburg) war ein\u00a0deutscher\u00a0Landschaftsmaler.<\/p>\n<p>Nach kaufm\u00e4nnischer Lehre und Teilnahme am\u00a0Ersten Weltkrieg\u00a0erarbeitete sich Wilkens als\u00a0Autodidakt\u00a0einen\u00a0naturalistisch-impressionistisch\u00a0beeinflussten Malstil, den er besonders in seinen Landschaftsaquarellen weiter entwickelte und technisch verfeinerte. In seinen Arbeiten bevorzugte er l\u00e4ndlich-idyllische Szenerien, vor allem Wiesen und Gew\u00e4sser, Bauernh\u00e4user und Dorfansichten, aber auch Schiffs- und Hafenmotive. In den 1930er- und 1940er-Jahren waren seine Werke in seiner engeren und weiteren norddeutschen Heimat popul\u00e4r. Gelegentliche Ausstellungen, zum Beispiel im Kunsthaus Heine in Hannover, trugen zu seiner Bekanntheit bei.<\/p>\n","protected":false},"excerpt":{"rendered":"<p><strong>Original painting not restored<\/strong><br \/>\n<strong>Excellent condition<\/strong><br \/>\nOil on phaser<br \/>\nDimensions: <strong>37\u00d747 cm<\/strong><br \/>\nwith original frame<\/p>\n","protected":false},"featured_media":4472,"template":"","meta":{"rank_math_lock_modified_date":false},"product_cat":[115,117],"product_tag":[],"class_list":{"0":"post-5346","1":"product","2":"type-product","3":"status-publish","4":"has-post-thumbnail","6":"product_cat-on-view-in-bad-rothenfelde","7":"product_cat-landscape","9":"first","10":"instock","11":"shipping-taxable","12":"purchasable","13":"product-type-simple"},"acf":[],"_links":{"self":[{"href":"https:\/\/donnart.de\/en\/wp-json\/wp\/v2\/product\/5346","targetHints":{"allow":["GET"]}}],"collection":[{"href":"https:\/\/donnart.de\/en\/wp-json\/wp\/v2\/product"}],"about":[{"href":"https:\/\/donnart.de\/en\/wp-json\/wp\/v2\/types\/product"}],"version-history":[{"count":1,"href":"https:\/\/donnart.de\/en\/wp-json\/wp\/v2\/product\/5346\/revisions"}],"predecessor-version":[{"id":5359,"href":"https:\/\/donnart.de\/en\/wp-json\/wp\/v2\/product\/5346\/revisions\/5359"}],"wp:featuredmedia":[{"embeddable":true,"href":"https:\/\/donnart.de\/en\/wp-json\/wp\/v2\/media\/4472"}],"wp:attachment":[{"href":"https:\/\/donnart.de\/en\/wp-json\/wp\/v2\/media?parent=5346"}],"wp:term":[{"taxonomy":"product_cat","embeddable":true,"href":"https:\/\/donnart.de\/en\/wp-json\/wp\/v2\/product_cat?post=5346"},{"taxonomy":"product_tag","embeddable":true,"href":"https:\/\/donnart.de\/en\/wp-json\/wp\/v2\/product_tag?post=5346"}],"curies":[{"name":"wp","href":"https:\/\/api.w.org\/{rel}","templated":true}]}}