{"id":5300,"date":"2024-03-04T18:07:53","date_gmt":"2024-03-04T17:07:53","guid":{"rendered":"https:\/\/donnart.de\/?post_type=product&#038;p=5300"},"modified":"2024-03-11T20:27:19","modified_gmt":"2024-03-11T19:27:19","slug":"walter-lindner-3-1979","status":"publish","type":"product","link":"https:\/\/donnart.de\/en\/product\/walter-lindner-3-1979\/","title":{"rendered":"Walter LINDNER 3 &#8211; 1979"},"content":{"rendered":"<p><strong>Walter LINDNER 3 &#8211; 1979<\/strong><\/p>\n<p>Walter LINDNER ist ein K\u00fcnstler, der 1936 in Deutschland geboren wurde und 2007 gestorben ist. Seine Werke wurden 18 -mal auf \u00f6ffentlichen Auktionen angeboten, haupts\u00e4chlich in der Gattung Druckgrafik-Multiple.<\/p>\n<p>Seine Werke werden haupts\u00e4chlich in Vereinigtes K\u00f6nigreich angeboten.<\/p>\n<p>Der Maler signierte seine Werke mit \u201e<em><strong>W. Lindner<\/strong><\/em>\u201c.<\/p>\n","protected":false},"excerpt":{"rendered":"<p><strong>Original painting not restored<\/strong><br \/>\nExcellent condition<br \/>\nOil on canvas<br \/>\nDimensions: <strong>36\u00d736 cm<\/strong><br \/>\nwithout frame<\/p>\n","protected":false},"featured_media":4480,"template":"","meta":{"rank_math_lock_modified_date":false},"product_cat":[115,217,117],"product_tag":[],"class_list":{"0":"post-5300","1":"product","2":"type-product","3":"status-publish","4":"has-post-thumbnail","6":"product_cat-on-view-in-bad-rothenfelde","7":"product_cat-oel-auf-leinwand-en","8":"product_cat-landscape","10":"first","11":"instock","12":"shipping-taxable","13":"purchasable","14":"product-type-simple"},"acf":[],"_links":{"self":[{"href":"https:\/\/donnart.de\/en\/wp-json\/wp\/v2\/product\/5300","targetHints":{"allow":["GET"]}}],"collection":[{"href":"https:\/\/donnart.de\/en\/wp-json\/wp\/v2\/product"}],"about":[{"href":"https:\/\/donnart.de\/en\/wp-json\/wp\/v2\/types\/product"}],"version-history":[{"count":1,"href":"https:\/\/donnart.de\/en\/wp-json\/wp\/v2\/product\/5300\/revisions"}],"predecessor-version":[{"id":5315,"href":"https:\/\/donnart.de\/en\/wp-json\/wp\/v2\/product\/5300\/revisions\/5315"}],"wp:featuredmedia":[{"embeddable":true,"href":"https:\/\/donnart.de\/en\/wp-json\/wp\/v2\/media\/4480"}],"wp:attachment":[{"href":"https:\/\/donnart.de\/en\/wp-json\/wp\/v2\/media?parent=5300"}],"wp:term":[{"taxonomy":"product_cat","embeddable":true,"href":"https:\/\/donnart.de\/en\/wp-json\/wp\/v2\/product_cat?post=5300"},{"taxonomy":"product_tag","embeddable":true,"href":"https:\/\/donnart.de\/en\/wp-json\/wp\/v2\/product_tag?post=5300"}],"curies":[{"name":"wp","href":"https:\/\/api.w.org\/{rel}","templated":true}]}}