{"id":5265,"date":"2024-03-11T12:03:50","date_gmt":"2024-03-11T11:03:50","guid":{"rendered":"https:\/\/donnart.de\/product\/where-are-you\/"},"modified":"2024-03-18T10:33:53","modified_gmt":"2024-03-18T09:33:53","slug":"where-are-you","status":"publish","type":"product","link":"https:\/\/donnart.de\/en\/product\/where-are-you\/","title":{"rendered":"Where are you"},"content":{"rendered":"<p><strong>Where are you<\/strong><\/p>\n<p>Dieses Gem\u00e4lde tr\u00e4gt den Titel &#8220;Wo bist du&#8221;, aber da die Frage unterschiedliche Antworten hat, bin ich verpflichtet zu kl\u00e4ren&#8230; Die Bedeutung, nach der ich frage, ist: Wo bist du, Mensch \u2013 im Zentrum, am Rand, auf der Spitze der Welle, bist du im Dunkeln, bist du im Licht, wo genau? Wo bist du jetzt, in diesem Moment? Und gef\u00e4llt es dir dort?<\/p>\n","protected":false},"excerpt":{"rendered":"<p><strong>by Mariela Penkova<\/strong><br \/>\nAcrylic and structural paste<br \/>\nDimensions: <strong>100\u00d7120 cm<\/strong><\/p>\n","protected":false},"featured_media":5033,"template":"","meta":{"rank_math_lock_modified_date":false},"product_brand":[],"product_cat":[116],"product_tag":[],"class_list":{"0":"post-5265","1":"product","2":"type-product","3":"status-publish","4":"has-post-thumbnail","6":"product_cat-abstract","8":"first","9":"instock","10":"shipping-taxable","11":"purchasable","12":"product-type-simple"},"acf":[],"_links":{"self":[{"href":"https:\/\/donnart.de\/en\/wp-json\/wp\/v2\/product\/5265","targetHints":{"allow":["GET"]}}],"collection":[{"href":"https:\/\/donnart.de\/en\/wp-json\/wp\/v2\/product"}],"about":[{"href":"https:\/\/donnart.de\/en\/wp-json\/wp\/v2\/types\/product"}],"version-history":[{"count":2,"href":"https:\/\/donnart.de\/en\/wp-json\/wp\/v2\/product\/5265\/revisions"}],"predecessor-version":[{"id":5461,"href":"https:\/\/donnart.de\/en\/wp-json\/wp\/v2\/product\/5265\/revisions\/5461"}],"wp:featuredmedia":[{"embeddable":true,"href":"https:\/\/donnart.de\/en\/wp-json\/wp\/v2\/media\/5033"}],"wp:attachment":[{"href":"https:\/\/donnart.de\/en\/wp-json\/wp\/v2\/media?parent=5265"}],"wp:term":[{"taxonomy":"product_brand","embeddable":true,"href":"https:\/\/donnart.de\/en\/wp-json\/wp\/v2\/product_brand?post=5265"},{"taxonomy":"product_cat","embeddable":true,"href":"https:\/\/donnart.de\/en\/wp-json\/wp\/v2\/product_cat?post=5265"},{"taxonomy":"product_tag","embeddable":true,"href":"https:\/\/donnart.de\/en\/wp-json\/wp\/v2\/product_tag?post=5265"}],"curies":[{"name":"wp","href":"https:\/\/api.w.org\/{rel}","templated":true}]}}