{"id":16975,"date":"2026-04-19T17:27:41","date_gmt":"2026-04-19T16:27:41","guid":{"rendered":"https:\/\/donnart.de\/?post_type=product&#038;p=16975"},"modified":"2026-04-19T17:27:41","modified_gmt":"2026-04-19T16:27:41","slug":"gothic-romance-ii","status":"publish","type":"product","link":"https:\/\/donnart.de\/en\/produkt\/gothic-romance-ii\/","title":{"rendered":"Gothic Romance II"},"content":{"rendered":"<p data-start=\"1363\" data-end=\"2009\">Ein ausdrucksstarkes Kunstwerk von Angel Ivanov, das die Verbindung zwischen Natur und Weiblichkeit auf poetische Weise interpretiert. Die \u00fcppigen Bl\u00fctenformen umh\u00fcllen die Figur und verleihen dem Werk eine starke visuelle Pr\u00e4senz sowie eine elegante, geheimnisvolle Stimmung. Ideal f\u00fcr Sammler, die au\u00dfergew\u00f6hnliche und emotionale Kunst suchen.<\/p>\n<p data-start=\"1363\" data-end=\"2009\"><em data-start=\"1747\" data-end=\"1788\">Alle Werke sind Unikate mit Zertifikat.<\/em><\/p>\n","protected":false},"excerpt":{"rendered":"<p>\u00d6l auf Leinwand<br \/>\nMa\u00dfe:<strong>\u00a060\u00d750 cm<\/strong><br \/>\nmit Rahmen<\/p>\n","protected":false},"featured_media":16955,"template":"","meta":{"rank_math_lock_modified_date":false},"product_brand":[],"product_cat":[104,181,73],"product_tag":[1671,1691,1693,1667,1690,507,1660,1689,761,758,1654,1692,1657],"class_list":{"0":"post-16975","1":"product","2":"type-product","3":"status-publish","4":"has-post-thumbnail","6":"product_cat-ausgestellt-in-bad-rothenfelde","7":"product_cat-oelmalerei","8":"product_cat-portraet","9":"product_tag-angel-ivanov-kunst","10":"product_tag-blumenmotiv","11":"product_tag-contemporary-painting-2","12":"product_tag-expressive-painting","13":"product_tag-feminine-aesthetik","14":"product_tag-figurative-malerei","15":"product_tag-fine-art","16":"product_tag-gothic-romance-ii","17":"product_tag-kunstgalerie-deutschland","18":"product_tag-moderne-kunst","19":"product_tag-oelmalerei","20":"product_tag-originalkunst","21":"product_tag-unikat","23":"first","24":"instock","25":"shipping-taxable","26":"purchasable","27":"product-type-simple"},"acf":[],"_links":{"self":[{"href":"https:\/\/donnart.de\/en\/wp-json\/wp\/v2\/product\/16975","targetHints":{"allow":["GET"]}}],"collection":[{"href":"https:\/\/donnart.de\/en\/wp-json\/wp\/v2\/product"}],"about":[{"href":"https:\/\/donnart.de\/en\/wp-json\/wp\/v2\/types\/product"}],"version-history":[{"count":2,"href":"https:\/\/donnart.de\/en\/wp-json\/wp\/v2\/product\/16975\/revisions"}],"predecessor-version":[{"id":16977,"href":"https:\/\/donnart.de\/en\/wp-json\/wp\/v2\/product\/16975\/revisions\/16977"}],"wp:featuredmedia":[{"embeddable":true,"href":"https:\/\/donnart.de\/en\/wp-json\/wp\/v2\/media\/16955"}],"wp:attachment":[{"href":"https:\/\/donnart.de\/en\/wp-json\/wp\/v2\/media?parent=16975"}],"wp:term":[{"taxonomy":"product_brand","embeddable":true,"href":"https:\/\/donnart.de\/en\/wp-json\/wp\/v2\/product_brand?post=16975"},{"taxonomy":"product_cat","embeddable":true,"href":"https:\/\/donnart.de\/en\/wp-json\/wp\/v2\/product_cat?post=16975"},{"taxonomy":"product_tag","embeddable":true,"href":"https:\/\/donnart.de\/en\/wp-json\/wp\/v2\/product_tag?post=16975"}],"curies":[{"name":"wp","href":"https:\/\/api.w.org\/{rel}","templated":true}]}}