{"id":16872,"date":"2026-04-19T16:15:00","date_gmt":"2026-04-19T15:15:00","guid":{"rendered":"https:\/\/donnart.de\/?post_type=product&#038;p=16872"},"modified":"2026-04-19T16:28:51","modified_gmt":"2026-04-19T15:28:51","slug":"angel","status":"publish","type":"product","link":"https:\/\/donnart.de\/en\/produkt\/angel\/","title":{"rendered":"Angel"},"content":{"rendered":"<p data-start=\"123\" data-end=\"717\">Originalgem\u00e4lde von Angel Ivanov in \u00d6l auf Leinwand, das die feine Grenze zwischen Realit\u00e4t und innerer Welt einf\u00e4ngt. Eine ausdrucksstarke Komposition mit subtiler Symbolik und emotionaler Tiefe, die Ruhe, Licht und spirituelle Pr\u00e4senz vermittelt. Ein einzigartiges Kunstwerk f\u00fcr anspruchsvolle Sammler und stilvolle R\u00e4ume.<\/p>\n<p data-start=\"123\" data-end=\"717\"><em data-start=\"474\" data-end=\"515\">Alle Werke sind Unikate mit Zertifikat.<\/em><\/p>\n","protected":false},"excerpt":{"rendered":"<p>\u00d6l auf Leinwand<br \/>\nMa\u00dfe: <strong>90\u00d760 cm<\/strong><br \/>\nmit Rahmen<\/p>\n","protected":false},"featured_media":16877,"template":"","meta":{"rank_math_lock_modified_date":false},"product_brand":[],"product_cat":[104,181,73],"product_tag":[1655,1656,1662,507,1660,761,1661,1659,1654,757,1658,1657,756],"class_list":{"0":"post-16872","1":"product","2":"type-product","3":"status-publish","4":"has-post-thumbnail","6":"product_cat-ausgestellt-in-bad-rothenfelde","7":"product_cat-oelmalerei","8":"product_cat-portraet","9":"product_tag-angel-ivanov","10":"product_tag-angel-painting","11":"product_tag-expressive-art-2","12":"product_tag-figurative-malerei","13":"product_tag-fine-art","14":"product_tag-kunstgalerie-deutschland","15":"product_tag-modern-art-2","16":"product_tag-oil-painting","17":"product_tag-oelmalerei","18":"product_tag-originalgemaelde","19":"product_tag-sammlerkunst","20":"product_tag-unikat","21":"product_tag-zeitgenoessische-kunst","23":"first","24":"instock","25":"shipping-taxable","26":"purchasable","27":"product-type-simple"},"acf":[],"_links":{"self":[{"href":"https:\/\/donnart.de\/en\/wp-json\/wp\/v2\/product\/16872","targetHints":{"allow":["GET"]}}],"collection":[{"href":"https:\/\/donnart.de\/en\/wp-json\/wp\/v2\/product"}],"about":[{"href":"https:\/\/donnart.de\/en\/wp-json\/wp\/v2\/types\/product"}],"version-history":[{"count":4,"href":"https:\/\/donnart.de\/en\/wp-json\/wp\/v2\/product\/16872\/revisions"}],"predecessor-version":[{"id":16903,"href":"https:\/\/donnart.de\/en\/wp-json\/wp\/v2\/product\/16872\/revisions\/16903"}],"wp:featuredmedia":[{"embeddable":true,"href":"https:\/\/donnart.de\/en\/wp-json\/wp\/v2\/media\/16877"}],"wp:attachment":[{"href":"https:\/\/donnart.de\/en\/wp-json\/wp\/v2\/media?parent=16872"}],"wp:term":[{"taxonomy":"product_brand","embeddable":true,"href":"https:\/\/donnart.de\/en\/wp-json\/wp\/v2\/product_brand?post=16872"},{"taxonomy":"product_cat","embeddable":true,"href":"https:\/\/donnart.de\/en\/wp-json\/wp\/v2\/product_cat?post=16872"},{"taxonomy":"product_tag","embeddable":true,"href":"https:\/\/donnart.de\/en\/wp-json\/wp\/v2\/product_tag?post=16872"}],"curies":[{"name":"wp","href":"https:\/\/api.w.org\/{rel}","templated":true}]}}